{"id":21925,"date":"2023-01-25T03:42:44","date_gmt":"2023-01-25T08:42:44","guid":{"rendered":"https:\/\/jsginvitational.ca\/twosome-player-registration\/"},"modified":"2023-04-12T04:35:30","modified_gmt":"2023-04-12T09:35:30","slug":"inscription-des-joueurs-a-deux","status":"publish","type":"page","link":"https:\/\/jsginvitational.ca\/fr\/inscription-des-joueurs-a-deux\/","title":{"rendered":"Inscription Des Joueurs \u00c0 Deux"},"content":{"rendered":"\t\t<div data-elementor-type=\"wp-page\" data-elementor-id=\"21925\" class=\"elementor elementor-21925 elementor-21097\">\n\t\t\t\t\t\t<div class=\"elementor-inner\">\n\t\t\t\t<div class=\"elementor-section-wrap\">\n\t\t\t\t\t\t\t\t\t<section class=\"elementor-section elementor-top-section elementor-element elementor-element-49686de elementor-section-height-min-height elementor-section-content-top elementor-section-items-top elementor-section-boxed elementor-section-height-default sc_fly_static\" data-id=\"49686de\" data-element_type=\"section\">\n\t\t\t\t\t\t<div class=\"elementor-container elementor-column-gap-extended\">\n\t\t\t\t\t\t\t<div class=\"elementor-row\">\n\t\t\t\t\t<div class=\"elementor-column elementor-col-100 elementor-top-column elementor-element elementor-element-f1dbf11 sc_layouts_column_align_center sc_layouts_column sc_inner_width_none sc_content_align_inherit sc_layouts_column_icons_position_left sc_fly_static\" data-id=\"f1dbf11\" data-element_type=\"column\">\n\t\t\t<div class=\"elementor-column-wrap elementor-element-populated\">\n\t\t\t\t\t\t\t<div class=\"elementor-widget-wrap\">\n\t\t\t\t\t\t<div class=\"elementor-element elementor-element-b5f1be0 elementor-view-default sc_fly_static elementor-widget elementor-widget-icon\" data-id=\"b5f1be0\" data-element_type=\"widget\" data-widget_type=\"icon.default\">\n\t\t\t\t<div class=\"elementor-widget-container\">\n\t\t\t\t\t<div class=\"elementor-icon-wrapper\">\n\t\t\t<a class=\"elementor-icon\" href=\"#anchor\">\n\t\t\t\t\t\t<\/a>\n\t\t<\/div>\n\t\t\t\t<\/div>\n\t\t\t\t<\/div>\n\t\t\t\t\t\t<\/div>\n\t\t\t\t\t<\/div>\n\t\t<\/div>\n\t\t\t\t\t\t\t\t<\/div>\n\t\t\t\t\t<\/div>\n\t\t<\/section>\n\t\t\t\t<section class=\"elementor-section elementor-top-section elementor-element elementor-element-358637f scheme_light elementor-section-boxed elementor-section-height-default elementor-section-height-default sc_fly_static\" data-id=\"358637f\" data-element_type=\"section\" data-settings=\"{&quot;background_background&quot;:&quot;classic&quot;}\">\n\t\t\t\t\t\t<div class=\"elementor-container elementor-column-gap-extended\">\n\t\t\t\t\t\t\t<div class=\"elementor-row\">\n\t\t\t\t\t<div class=\"elementor-column elementor-col-100 elementor-top-column elementor-element elementor-element-035f722 sc_inner_width_none sc_content_align_inherit sc_layouts_column_icons_position_left sc_fly_static\" data-id=\"035f722\" data-element_type=\"column\">\n\t\t\t<div class=\"elementor-column-wrap elementor-element-populated\">\n\t\t\t\t\t\t\t<div class=\"elementor-widget-wrap\">\n\t\t\t\t\t\t<div class=\"elementor-element elementor-element-6431f87 sc_height_huge sc_fly_static elementor-widget elementor-widget-spacer\" data-id=\"6431f87\" data-element_type=\"widget\" data-widget_type=\"spacer.default\">\n\t\t\t\t<div class=\"elementor-widget-container\">\n\t\t\t\t\t<div class=\"elementor-spacer\">\n\t\t\t<div class=\"elementor-spacer-inner\"><\/div>\n\t\t<\/div>\n\t\t\t\t<\/div>\n\t\t\t\t<\/div>\n\t\t\t\t<section class=\"elementor-section elementor-inner-section elementor-element elementor-element-e4c7c05 elementor-section-boxed elementor-section-height-default elementor-section-height-default sc_fly_static\" data-id=\"e4c7c05\" data-element_type=\"section\">\n\t\t\t\t\t\t<div class=\"elementor-container elementor-column-gap-extended\">\n\t\t\t\t\t\t\t<div class=\"elementor-row\">\n\t\t\t\t\t<div class=\"elementor-column elementor-col-50 elementor-inner-column elementor-element elementor-element-3e97ca8 sc_inner_width_none sc_content_align_inherit sc_layouts_column_icons_position_left sc_fly_static\" data-id=\"3e97ca8\" data-element_type=\"column\">\n\t\t\t<div class=\"elementor-column-wrap elementor-element-populated\">\n\t\t\t\t\t\t\t<div class=\"elementor-widget-wrap\">\n\t\t\t\t\t\t<div class=\"elementor-element elementor-element-bfd20ae sc_fly_static elementor-widget elementor-widget-text-editor\" data-id=\"bfd20ae\" data-element_type=\"widget\" data-widget_type=\"text-editor.default\">\n\t\t\t\t<div class=\"elementor-widget-container\">\n\t\t\t\t\t\t\t\t<div class=\"elementor-text-editor elementor-clearfix\">\n\t\t\t\t\t\t\t\t\t<\/div>\n\t\t\t\t\t\t<\/div>\n\t\t\t\t<\/div>\n\t\t\t\t\t\t<\/div>\n\t\t\t\t\t<\/div>\n\t\t<\/div>\n\t\t\t\t<div class=\"elementor-column elementor-col-50 elementor-inner-column elementor-element elementor-element-ff56f46 sc_inner_width_none sc_content_align_inherit sc_layouts_column_icons_position_left sc_fly_static\" data-id=\"ff56f46\" data-element_type=\"column\">\n\t\t\t<div class=\"elementor-column-wrap elementor-element-populated\">\n\t\t\t\t\t\t\t<div class=\"elementor-widget-wrap\">\n\t\t\t\t\t\t<div class=\"elementor-element elementor-element-9043f14 sc_fly_static elementor-widget elementor-widget-image\" data-id=\"9043f14\" data-element_type=\"widget\" data-widget_type=\"image.default\">\n\t\t\t\t<div class=\"elementor-widget-container\">\n\t\t\t\t\t\t\t\t<div class=\"elementor-image\">\n\t\t\t\t\t\t\t\t\t\t\t\t<img decoding=\"async\" width=\"800\" height=\"900\" data-src=\"https:\/\/jsginvitational.ca\/wp-content\/uploads\/2023\/01\/pair.jpg\" class=\"attachment-full size-full wp-image-21102 lazyload\" alt=\"\" data-srcset=\"https:\/\/jsginvitational.ca\/wp-content\/uploads\/2023\/01\/pair.jpg 800w, https:\/\/jsginvitational.ca\/wp-content\/uploads\/2023\/01\/pair-267x300.jpg 267w, https:\/\/jsginvitational.ca\/wp-content\/uploads\/2023\/01\/pair-768x864.jpg 768w, https:\/\/jsginvitational.ca\/wp-content\/uploads\/2023\/01\/pair-370x416.jpg 370w, https:\/\/jsginvitational.ca\/wp-content\/uploads\/2023\/01\/pair-410x461.jpg 410w\" data-sizes=\"(max-width: 800px) 100vw, 800px\" src=\"data:image\/gif;base64,R0lGODlhAQABAAAAACH5BAEKAAEALAAAAAABAAEAAAICTAEAOw==\" style=\"--smush-placeholder-width: 800px; --smush-placeholder-aspect-ratio: 800\/900;\" \/>\t\t\t\t\t\t\t\t\t\t\t\t\t\t<\/div>\n\t\t\t\t\t\t<\/div>\n\t\t\t\t<\/div>\n\t\t\t\t\t\t<\/div>\n\t\t\t\t\t<\/div>\n\t\t<\/div>\n\t\t\t\t\t\t\t\t<\/div>\n\t\t\t\t\t<\/div>\n\t\t<\/section>\n\t\t\t\t<div class=\"elementor-element elementor-element-4996545 sc_height_large sc_fly_static elementor-widget elementor-widget-spacer\" data-id=\"4996545\" data-element_type=\"widget\" data-widget_type=\"spacer.default\">\n\t\t\t\t<div class=\"elementor-widget-container\">\n\t\t\t\t\t<div class=\"elementor-spacer\">\n\t\t\t<div class=\"elementor-spacer-inner\"><\/div>\n\t\t<\/div>\n\t\t\t\t<\/div>\n\t\t\t\t<\/div>\n\t\t\t\t\t\t<\/div>\n\t\t\t\t\t<\/div>\n\t\t<\/div>\n\t\t\t\t\t\t\t\t<\/div>\n\t\t\t\t\t<\/div>\n\t\t<\/section>\n\t\t\t\t<section class=\"elementor-section elementor-top-section elementor-element elementor-element-5cc5894 elementor-section-boxed elementor-section-height-default elementor-section-height-default sc_fly_static\" data-id=\"5cc5894\" data-element_type=\"section\">\n\t\t\t\t\t\t<div class=\"elementor-container elementor-column-gap-extended\">\n\t\t\t\t\t\t\t<div class=\"elementor-row\">\n\t\t\t\t\t<div class=\"elementor-column elementor-col-100 elementor-top-column elementor-element elementor-element-29ecfd6 sc_inner_width_none sc_content_align_inherit sc_layouts_column_icons_position_left sc_fly_static\" data-id=\"29ecfd6\" data-element_type=\"column\">\n\t\t\t<div class=\"elementor-column-wrap elementor-element-populated\">\n\t\t\t\t\t\t\t<div class=\"elementor-widget-wrap\">\n\t\t\t\t\t\t<div class=\"elementor-element elementor-element-80dc400 sc_height_large sc_fly_static elementor-widget elementor-widget-spacer\" data-id=\"80dc400\" data-element_type=\"widget\" data-widget_type=\"spacer.default\">\n\t\t\t\t<div class=\"elementor-widget-container\">\n\t\t\t\t\t<div class=\"elementor-spacer\">\n\t\t\t<div class=\"elementor-spacer-inner\"><\/div>\n\t\t<\/div>\n\t\t\t\t<\/div>\n\t\t\t\t<\/div>\n\t\t\t\t<div class=\"elementor-element elementor-element-429e064 sc_fly_static elementor-widget elementor-widget-heading\" data-id=\"429e064\" data-element_type=\"widget\" data-widget_type=\"heading.default\">\n\t\t\t\t<div class=\"elementor-widget-container\">\n\t\t\t<h2 class=\"elementor-heading-title elementor-size-default\"><span style=\"font-size: 47.005px;\">Autres Options<\/span><\/h2>\t\t<\/div>\n\t\t\t\t<\/div>\n\t\t\t\t<div class=\"elementor-element elementor-element-634e973 sc_fly_static elementor-widget elementor-widget-spacer\" data-id=\"634e973\" data-element_type=\"widget\" data-widget_type=\"spacer.default\">\n\t\t\t\t<div class=\"elementor-widget-container\">\n\t\t\t\t\t<div class=\"elementor-spacer\">\n\t\t\t<div class=\"elementor-spacer-inner\"><\/div>\n\t\t<\/div>\n\t\t\t\t<\/div>\n\t\t\t\t<\/div>\n\t\t\t\t<section class=\"elementor-section elementor-inner-section elementor-element elementor-element-f952f75 elementor-section-boxed elementor-section-height-default elementor-section-height-default sc_fly_static\" data-id=\"f952f75\" data-element_type=\"section\">\n\t\t\t\t\t\t<div class=\"elementor-container elementor-column-gap-extended\">\n\t\t\t\t\t\t\t<div class=\"elementor-row\">\n\t\t\t\t\t<div class=\"elementor-column elementor-col-33 elementor-inner-column elementor-element elementor-element-7ccc709 sc_inner_width_none sc_content_align_inherit sc_layouts_column_icons_position_left sc_fly_static\" data-id=\"7ccc709\" data-element_type=\"column\">\n\t\t\t<div class=\"elementor-column-wrap elementor-element-populated\">\n\t\t\t\t\t\t\t<div class=\"elementor-widget-wrap\">\n\t\t\t\t\t\t<div class=\"elementor-element elementor-element-ecbd7ff elementor-align-justify sc_fly_static elementor-widget elementor-widget-button\" data-id=\"ecbd7ff\" data-element_type=\"widget\" data-widget_type=\"button.default\">\n\t\t\t\t<div class=\"elementor-widget-container\">\n\t\t\t\t\t<div class=\"elementor-button-wrapper\">\n\t\t\t<a href=\"https:\/\/jsginvitational.ca\/fr\/inscription-pour-un-seul-joueur\/\" class=\"elementor-button-link elementor-button elementor-size-lg\" role=\"button\">\n\t\t\t\t\t\t<span class=\"elementor-button-content-wrapper\">\n\t\t\t\t\t\t<span class=\"elementor-button-text\">Inscription Pour Un Seul Joueur<\/span>\n\t\t<\/span>\n\t\t\t\t\t<\/a>\n\t\t<\/div>\n\t\t\t\t<\/div>\n\t\t\t\t<\/div>\n\t\t\t\t\t\t<\/div>\n\t\t\t\t\t<\/div>\n\t\t<\/div>\n\t\t\t\t<div class=\"elementor-column elementor-col-33 elementor-inner-column elementor-element elementor-element-218fc5d sc_inner_width_none sc_content_align_inherit sc_layouts_column_icons_position_left sc_fly_static\" data-id=\"218fc5d\" data-element_type=\"column\">\n\t\t\t<div class=\"elementor-column-wrap elementor-element-populated\">\n\t\t\t\t\t\t\t<div class=\"elementor-widget-wrap\">\n\t\t\t\t\t\t<div class=\"elementor-element elementor-element-9fa62fb elementor-align-justify sc_fly_static elementor-widget elementor-widget-button\" data-id=\"9fa62fb\" data-element_type=\"widget\" data-widget_type=\"button.default\">\n\t\t\t\t<div class=\"elementor-widget-container\">\n\t\t\t\t\t<div class=\"elementor-button-wrapper\">\n\t\t\t<a href=\"https:\/\/jsginvitational.ca\/fr\/inscription-des-joueurs-a-deux\/\" class=\"elementor-button-link elementor-button elementor-size-lg\" role=\"button\">\n\t\t\t\t\t\t<span class=\"elementor-button-content-wrapper\">\n\t\t\t\t\t\t<span class=\"elementor-button-text\">Inscription Des Joueurs Jumel\u00e9s<\/span>\n\t\t<\/span>\n\t\t\t\t\t<\/a>\n\t\t<\/div>\n\t\t\t\t<\/div>\n\t\t\t\t<\/div>\n\t\t\t\t\t\t<\/div>\n\t\t\t\t\t<\/div>\n\t\t<\/div>\n\t\t\t\t<div class=\"elementor-column elementor-col-33 elementor-inner-column elementor-element elementor-element-58b863b sc_inner_width_none sc_content_align_inherit sc_layouts_column_icons_position_left sc_fly_static\" data-id=\"58b863b\" data-element_type=\"column\">\n\t\t\t<div class=\"elementor-column-wrap elementor-element-populated\">\n\t\t\t\t\t\t\t<div class=\"elementor-widget-wrap\">\n\t\t\t\t\t\t<div class=\"elementor-element elementor-element-d82b6e8 elementor-align-justify sc_fly_static elementor-widget elementor-widget-button\" data-id=\"d82b6e8\" data-element_type=\"widget\" data-widget_type=\"button.default\">\n\t\t\t\t<div class=\"elementor-widget-container\">\n\t\t\t\t\t<div class=\"elementor-button-wrapper\">\n\t\t\t<a href=\"https:\/\/jsginvitational.ca\/fr\/inscription-des-joueurs-a-quatre\/\" class=\"elementor-button-link elementor-button elementor-size-lg\" role=\"button\">\n\t\t\t\t\t\t<span class=\"elementor-button-content-wrapper\">\n\t\t\t\t\t\t<span class=\"elementor-button-text\">Inscription Des Joueurs \u00c0 Quatre<\/span>\n\t\t<\/span>\n\t\t\t\t\t<\/a>\n\t\t<\/div>\n\t\t\t\t<\/div>\n\t\t\t\t<\/div>\n\t\t\t\t\t\t<\/div>\n\t\t\t\t\t<\/div>\n\t\t<\/div>\n\t\t\t\t\t\t\t\t<\/div>\n\t\t\t\t\t<\/div>\n\t\t<\/section>\n\t\t\t\t\t\t<\/div>\n\t\t\t\t\t<\/div>\n\t\t<\/div>\n\t\t\t\t\t\t\t\t<\/div>\n\t\t\t\t\t<\/div>\n\t\t<\/section>\n\t\t\t\t<section class=\"elementor-section elementor-top-section elementor-element elementor-element-d871a28 elementor-section-boxed elementor-section-height-default elementor-section-height-default sc_fly_static\" data-id=\"d871a28\" data-element_type=\"section\">\n\t\t\t\t\t\t<div class=\"elementor-container elementor-column-gap-extended\">\n\t\t\t\t\t\t\t<div class=\"elementor-row\">\n\t\t\t\t\t<div class=\"elementor-column elementor-col-100 elementor-top-column elementor-element elementor-element-e27554a sc_inner_width_none sc_content_align_inherit sc_layouts_column_icons_position_left sc_fly_static\" data-id=\"e27554a\" data-element_type=\"column\">\n\t\t\t<div class=\"elementor-column-wrap elementor-element-populated\">\n\t\t\t\t\t\t\t<div class=\"elementor-widget-wrap\">\n\t\t\t\t\t\t<div class=\"elementor-element elementor-element-40ccc8f sc_height_large sc_fly_static elementor-widget elementor-widget-spacer\" data-id=\"40ccc8f\" data-element_type=\"widget\" data-widget_type=\"spacer.default\">\n\t\t\t\t<div class=\"elementor-widget-container\">\n\t\t\t\t\t<div class=\"elementor-spacer\">\n\t\t\t<div class=\"elementor-spacer-inner\"><\/div>\n\t\t<\/div>\n\t\t\t\t<\/div>\n\t\t\t\t<\/div>\n\t\t\t\t<div class=\"elementor-element elementor-element-79d803b sc_fly_static elementor-widget elementor-widget-heading\" data-id=\"79d803b\" data-element_type=\"widget\" data-widget_type=\"heading.default\">\n\t\t\t\t<div class=\"elementor-widget-container\">\n\t\t\t<h2 class=\"elementor-heading-title elementor-size-default\">\u00c9v\u00e9nement Programm\u00e9<\/h2>\t\t<\/div>\n\t\t\t\t<\/div>\n\t\t\t\t<div class=\"elementor-element elementor-element-a76c0f3 sc_fly_static elementor-widget elementor-widget-trx_sc_table\" data-id=\"a76c0f3\" data-element_type=\"widget\" data-widget_type=\"trx_sc_table.default\">\n\t\t\t\t<div class=\"elementor-widget-container\">\n\t\t\t<div class=\"sc_table_wrap\"><div\t\tclass=\"sc_table sc_table_default trx_addons_inline_1339219672\" ><table cellspacing=\"0\" summary=\"Golf Price\">\n\t<tr>\n\t\t<td>Ordre du jour<\/td>\n\t\t<td>Temps<\/td>\n\t<\/tr>\n\t<tr>\n\t\t<td>Inscription, collations et \u00e9chauffement<\/td>\n\t\t<td>10:30 AM<\/td>\n\t<\/tr>\n\t<tr>\n\t\t<td>Appel aux chariots et adresse de bienvenue<\/td>\n\t\t<td>11:45  AM to 12:00 PM<\/td>\n\t<\/tr>\n\t<tr>\n\t\t<td>Shotgun Start (r\u00e8gles de Vegas)<\/td>\n\t\t<td>12:30 PM<\/td>\n\t<\/tr>\n       <tr>\n\t\t<td>Golf, activit\u00e9s sur le parcours, Snacks sur le parcours<\/td>\n\t\t<td>12:30 PM to 5:30 PM<\/td>\n\t<\/tr>\n\t<tr>\n\t\t<td>Cocktail post-golf et r\u00e9seautage<\/td>\n\t\t<td>5:30 PM to 6:30 PM<\/td>\n\t<\/tr>\n\t<tr>\n\t\t<td>D\u00eener, prix et remise d'un ch\u00e8que \u00e0 la Fondation<\/td>\n\t\t<td>6:30 PM <\/td>\n\t<\/tr>\n<\/table><\/div><\/div>\t\t<\/div>\n\t\t\t\t<\/div>\n\t\t\t\t<div class=\"elementor-element elementor-element-ce6b0a2 sc_height_huge sc_fly_static elementor-widget elementor-widget-spacer\" data-id=\"ce6b0a2\" data-element_type=\"widget\" data-widget_type=\"spacer.default\">\n\t\t\t\t<div class=\"elementor-widget-container\">\n\t\t\t\t\t<div class=\"elementor-spacer\">\n\t\t\t<div class=\"elementor-spacer-inner\"><\/div>\n\t\t<\/div>\n\t\t\t\t<\/div>\n\t\t\t\t<\/div>\n\t\t\t\t\t\t<\/div>\n\t\t\t\t\t<\/div>\n\t\t<\/div>\n\t\t\t\t\t\t\t\t<\/div>\n\t\t\t\t\t<\/div>\n\t\t<\/section>\n\t\t\t\t\t\t\t\t\t<\/div>\n\t\t\t<\/div>\n\t\t\t\t\t<\/div>\n\t\t","protected":false},"excerpt":{"rendered":"<p>Autres Options Inscription Pour Un Seul Joueur Inscription Des Joueurs Jumel\u00e9s Inscription Des Joueurs \u00c0 Quatre \u00c9v\u00e9nement Programm\u00e9 Ordre du jour Temps Inscription, collations et \u00e9chauffement 10:30 AM Appel aux&hellip;<\/p>\n","protected":false},"author":1,"featured_media":0,"parent":0,"menu_order":0,"comment_status":"closed","ping_status":"closed","template":"","meta":{"footnotes":""},"class_list":["post-21925","page","type-page","status-publish","hentry"],"yoast_head":"<!-- This site is optimized with the Yoast SEO plugin v22.3 - https:\/\/yoast.com\/wordpress\/plugins\/seo\/ -->\n<title>Inscription Des Joueurs \u00c0 Deux | JSG Invitational Charity<\/title>\n<meta name=\"robots\" content=\"index, follow, max-snippet:-1, max-image-preview:large, max-video-preview:-1\" \/>\n<link rel=\"canonical\" href=\"https:\/\/jsginvitational.ca\/fr\/inscription-des-joueurs-a-deux\/\" \/>\n<meta property=\"og:locale\" content=\"fr_FR\" \/>\n<meta property=\"og:type\" content=\"article\" \/>\n<meta property=\"og:title\" content=\"Inscription Des Joueurs \u00c0 Deux | JSG Invitational Charity\" \/>\n<meta property=\"og:description\" content=\"Autres Options Inscription Pour Un Seul Joueur Inscription Des Joueurs Jumel\u00e9s Inscription Des Joueurs \u00c0 Quatre \u00c9v\u00e9nement Programm\u00e9 Ordre du jour Temps Inscription, collations et \u00e9chauffement 10:30 AM Appel aux&hellip;\" \/>\n<meta property=\"og:url\" content=\"https:\/\/jsginvitational.ca\/fr\/inscription-des-joueurs-a-deux\/\" \/>\n<meta property=\"og:site_name\" content=\"JSG Invitational Charity\" \/>\n<meta property=\"article:modified_time\" content=\"2023-04-12T09:35:30+00:00\" \/>\n<meta property=\"og:image\" content=\"https:\/\/jsginvitational.ca\/wp-content\/uploads\/2023\/01\/pair.jpg\" \/>\n<meta name=\"twitter:card\" content=\"summary_large_image\" \/>\n<script type=\"application\/ld+json\" class=\"yoast-schema-graph\">{\"@context\":\"https:\/\/schema.org\",\"@graph\":[{\"@type\":\"WebPage\",\"@id\":\"https:\/\/jsginvitational.ca\/fr\/inscription-des-joueurs-a-deux\/\",\"url\":\"https:\/\/jsginvitational.ca\/fr\/inscription-des-joueurs-a-deux\/\",\"name\":\"Inscription Des Joueurs \u00c0 Deux | JSG Invitational Charity\",\"isPartOf\":{\"@id\":\"https:\/\/jsginvitational.ca\/#website\"},\"primaryImageOfPage\":{\"@id\":\"https:\/\/jsginvitational.ca\/fr\/inscription-des-joueurs-a-deux\/#primaryimage\"},\"image\":{\"@id\":\"https:\/\/jsginvitational.ca\/fr\/inscription-des-joueurs-a-deux\/#primaryimage\"},\"thumbnailUrl\":\"https:\/\/jsginvitational.ca\/wp-content\/uploads\/2023\/01\/pair.jpg\",\"datePublished\":\"2023-01-25T08:42:44+00:00\",\"dateModified\":\"2023-04-12T09:35:30+00:00\",\"breadcrumb\":{\"@id\":\"https:\/\/jsginvitational.ca\/fr\/inscription-des-joueurs-a-deux\/#breadcrumb\"},\"inLanguage\":\"fr-FR\",\"potentialAction\":[{\"@type\":\"ReadAction\",\"target\":[\"https:\/\/jsginvitational.ca\/fr\/inscription-des-joueurs-a-deux\/\"]}]},{\"@type\":\"ImageObject\",\"inLanguage\":\"fr-FR\",\"@id\":\"https:\/\/jsginvitational.ca\/fr\/inscription-des-joueurs-a-deux\/#primaryimage\",\"url\":\"https:\/\/jsginvitational.ca\/wp-content\/uploads\/2023\/01\/pair.jpg\",\"contentUrl\":\"https:\/\/jsginvitational.ca\/wp-content\/uploads\/2023\/01\/pair.jpg\",\"width\":800,\"height\":900},{\"@type\":\"BreadcrumbList\",\"@id\":\"https:\/\/jsginvitational.ca\/fr\/inscription-des-joueurs-a-deux\/#breadcrumb\",\"itemListElement\":[{\"@type\":\"ListItem\",\"position\":1,\"name\":\"Home\",\"item\":\"https:\/\/jsginvitational.ca\/\"},{\"@type\":\"ListItem\",\"position\":2,\"name\":\"Inscription Des Joueurs \u00c0 Deux\"}]},{\"@type\":\"WebSite\",\"@id\":\"https:\/\/jsginvitational.ca\/#website\",\"url\":\"https:\/\/jsginvitational.ca\/\",\"name\":\"JSG Invitational Charity\",\"description\":\"Golf Tournament\",\"publisher\":{\"@id\":\"https:\/\/jsginvitational.ca\/#organization\"},\"potentialAction\":[{\"@type\":\"SearchAction\",\"target\":{\"@type\":\"EntryPoint\",\"urlTemplate\":\"https:\/\/jsginvitational.ca\/?s={search_term_string}\"},\"query-input\":\"required name=search_term_string\"}],\"inLanguage\":\"fr-FR\"},{\"@type\":\"Organization\",\"@id\":\"https:\/\/jsginvitational.ca\/#organization\",\"name\":\"JSG Invitational Charity\",\"url\":\"https:\/\/jsginvitational.ca\/\",\"logo\":{\"@type\":\"ImageObject\",\"inLanguage\":\"fr-FR\",\"@id\":\"https:\/\/jsginvitational.ca\/#\/schema\/logo\/image\/\",\"url\":\"https:\/\/jsginvitational.ca\/wp-content\/uploads\/2024\/04\/jsg-invitational.jpg\",\"contentUrl\":\"https:\/\/jsginvitational.ca\/wp-content\/uploads\/2024\/04\/jsg-invitational.jpg\",\"width\":400,\"height\":400,\"caption\":\"JSG Invitational Charity\"},\"image\":{\"@id\":\"https:\/\/jsginvitational.ca\/#\/schema\/logo\/image\/\"}}]}<\/script>\n<!-- \/ Yoast SEO plugin. -->","yoast_head_json":{"title":"Inscription Des Joueurs \u00c0 Deux | JSG Invitational Charity","robots":{"index":"index","follow":"follow","max-snippet":"max-snippet:-1","max-image-preview":"max-image-preview:large","max-video-preview":"max-video-preview:-1"},"canonical":"https:\/\/jsginvitational.ca\/fr\/inscription-des-joueurs-a-deux\/","og_locale":"fr_FR","og_type":"article","og_title":"Inscription Des Joueurs \u00c0 Deux | JSG Invitational Charity","og_description":"Autres Options Inscription Pour Un Seul Joueur Inscription Des Joueurs Jumel\u00e9s Inscription Des Joueurs \u00c0 Quatre \u00c9v\u00e9nement Programm\u00e9 Ordre du jour Temps Inscription, collations et \u00e9chauffement 10:30 AM Appel aux&hellip;","og_url":"https:\/\/jsginvitational.ca\/fr\/inscription-des-joueurs-a-deux\/","og_site_name":"JSG Invitational Charity","article_modified_time":"2023-04-12T09:35:30+00:00","og_image":[{"url":"https:\/\/jsginvitational.ca\/wp-content\/uploads\/2023\/01\/pair.jpg"}],"twitter_card":"summary_large_image","schema":{"@context":"https:\/\/schema.org","@graph":[{"@type":"WebPage","@id":"https:\/\/jsginvitational.ca\/fr\/inscription-des-joueurs-a-deux\/","url":"https:\/\/jsginvitational.ca\/fr\/inscription-des-joueurs-a-deux\/","name":"Inscription Des Joueurs \u00c0 Deux | JSG Invitational Charity","isPartOf":{"@id":"https:\/\/jsginvitational.ca\/#website"},"primaryImageOfPage":{"@id":"https:\/\/jsginvitational.ca\/fr\/inscription-des-joueurs-a-deux\/#primaryimage"},"image":{"@id":"https:\/\/jsginvitational.ca\/fr\/inscription-des-joueurs-a-deux\/#primaryimage"},"thumbnailUrl":"https:\/\/jsginvitational.ca\/wp-content\/uploads\/2023\/01\/pair.jpg","datePublished":"2023-01-25T08:42:44+00:00","dateModified":"2023-04-12T09:35:30+00:00","breadcrumb":{"@id":"https:\/\/jsginvitational.ca\/fr\/inscription-des-joueurs-a-deux\/#breadcrumb"},"inLanguage":"fr-FR","potentialAction":[{"@type":"ReadAction","target":["https:\/\/jsginvitational.ca\/fr\/inscription-des-joueurs-a-deux\/"]}]},{"@type":"ImageObject","inLanguage":"fr-FR","@id":"https:\/\/jsginvitational.ca\/fr\/inscription-des-joueurs-a-deux\/#primaryimage","url":"https:\/\/jsginvitational.ca\/wp-content\/uploads\/2023\/01\/pair.jpg","contentUrl":"https:\/\/jsginvitational.ca\/wp-content\/uploads\/2023\/01\/pair.jpg","width":800,"height":900},{"@type":"BreadcrumbList","@id":"https:\/\/jsginvitational.ca\/fr\/inscription-des-joueurs-a-deux\/#breadcrumb","itemListElement":[{"@type":"ListItem","position":1,"name":"Home","item":"https:\/\/jsginvitational.ca\/"},{"@type":"ListItem","position":2,"name":"Inscription Des Joueurs \u00c0 Deux"}]},{"@type":"WebSite","@id":"https:\/\/jsginvitational.ca\/#website","url":"https:\/\/jsginvitational.ca\/","name":"JSG Invitational Charity","description":"Golf Tournament","publisher":{"@id":"https:\/\/jsginvitational.ca\/#organization"},"potentialAction":[{"@type":"SearchAction","target":{"@type":"EntryPoint","urlTemplate":"https:\/\/jsginvitational.ca\/?s={search_term_string}"},"query-input":"required name=search_term_string"}],"inLanguage":"fr-FR"},{"@type":"Organization","@id":"https:\/\/jsginvitational.ca\/#organization","name":"JSG Invitational Charity","url":"https:\/\/jsginvitational.ca\/","logo":{"@type":"ImageObject","inLanguage":"fr-FR","@id":"https:\/\/jsginvitational.ca\/#\/schema\/logo\/image\/","url":"https:\/\/jsginvitational.ca\/wp-content\/uploads\/2024\/04\/jsg-invitational.jpg","contentUrl":"https:\/\/jsginvitational.ca\/wp-content\/uploads\/2024\/04\/jsg-invitational.jpg","width":400,"height":400,"caption":"JSG Invitational Charity"},"image":{"@id":"https:\/\/jsginvitational.ca\/#\/schema\/logo\/image\/"}}]}},"_links":{"self":[{"href":"https:\/\/jsginvitational.ca\/fr\/wp-json\/wp\/v2\/pages\/21925","targetHints":{"allow":["GET"]}}],"collection":[{"href":"https:\/\/jsginvitational.ca\/fr\/wp-json\/wp\/v2\/pages"}],"about":[{"href":"https:\/\/jsginvitational.ca\/fr\/wp-json\/wp\/v2\/types\/page"}],"author":[{"embeddable":true,"href":"https:\/\/jsginvitational.ca\/fr\/wp-json\/wp\/v2\/users\/1"}],"replies":[{"embeddable":true,"href":"https:\/\/jsginvitational.ca\/fr\/wp-json\/wp\/v2\/comments?post=21925"}],"version-history":[{"count":0,"href":"https:\/\/jsginvitational.ca\/fr\/wp-json\/wp\/v2\/pages\/21925\/revisions"}],"wp:attachment":[{"href":"https:\/\/jsginvitational.ca\/fr\/wp-json\/wp\/v2\/media?parent=21925"}],"curies":[{"name":"wp","href":"https:\/\/api.w.org\/{rel}","templated":true}]}}