{"id":21678,"date":"2021-01-30T11:12:41","date_gmt":"2021-01-30T16:12:41","guid":{"rendered":"https:\/\/jsginvitational.ca\/contact\/"},"modified":"2026-01-20T07:26:56","modified_gmt":"2026-01-20T12:26:56","slug":"contact","status":"publish","type":"page","link":"https:\/\/jsginvitational.ca\/fr\/contact\/","title":{"rendered":"Contact"},"content":{"rendered":"\t\t<div data-elementor-type=\"wp-page\" data-elementor-id=\"21678\" class=\"elementor elementor-21678 elementor-1453\">\n\t\t\t\t\t\t<div class=\"elementor-inner\">\n\t\t\t\t<div class=\"elementor-section-wrap\">\n\t\t\t\t\t\t\t\t\t<section class=\"elementor-section elementor-top-section elementor-element elementor-element-a0e915b elementor-section-boxed elementor-section-height-default elementor-section-height-default sc_fly_static\" data-id=\"a0e915b\" data-element_type=\"section\" data-settings=\"{&quot;background_background&quot;:&quot;classic&quot;}\">\n\t\t\t\t\t\t<div class=\"elementor-container elementor-column-gap-extended\">\n\t\t\t\t\t\t\t<div class=\"elementor-row\">\n\t\t\t\t\t<div class=\"elementor-column elementor-col-100 elementor-top-column elementor-element elementor-element-47afd7f sc_inner_width_none sc_content_align_inherit sc_layouts_column_icons_position_left sc_fly_static\" data-id=\"47afd7f\" data-element_type=\"column\">\n\t\t\t<div class=\"elementor-column-wrap elementor-element-populated\">\n\t\t\t\t\t\t\t<div class=\"elementor-widget-wrap\">\n\t\t\t\t\t\t<div class=\"elementor-element elementor-element-484ccf8 sc_height_large sc_fly_static elementor-widget elementor-widget-spacer\" data-id=\"484ccf8\" data-element_type=\"widget\" data-widget_type=\"spacer.default\">\n\t\t\t\t<div class=\"elementor-widget-container\">\n\t\t\t\t\t<div class=\"elementor-spacer\">\n\t\t\t<div class=\"elementor-spacer-inner\"><\/div>\n\t\t<\/div>\n\t\t\t\t<\/div>\n\t\t\t\t<\/div>\n\t\t\t\t<div class=\"elementor-element elementor-element-7c19db9 scheme_default sc_fly_static elementor-widget elementor-widget-trx_sc_icons\" data-id=\"7c19db9\" data-element_type=\"widget\" data-widget_type=\"trx_sc_icons.default\">\n\t\t\t\t<div class=\"elementor-widget-container\">\n\t\t\t<div     class=\"sc_icons color_style_dark scheme_default sc_icons_plain sc_icons_size_small sc_align_center\" ><div class=\"sc_icons_columns_wrap sc_item_columns trx_addons_columns_wrap columns_padding_bottom columns_in_single_row\" ><div class=\"trx_addons_column-1_2\"><div class=\"sc_icons_item sc_icons_item_linked with_more\"><div class=\"sc_icons_icon sc_icon_type_ icon-location-1\" style=\"color: #2CC374\" ><span class=\"sc_icon_type_ icon-location-1\" style=\"color: #2CC374\"><\/span><\/div><div class=\"sc_icons_item_details\"><h4 class=\"sc_icons_item_title\"><a href=\"#scroll\">\n                        Adresse                        <\/a><\/h4><div class=\"sc_icons_item_description\"><span>1199 Chem. du Bord-de-l\u2019Eau, <\/span><span>Laval, QC H7Y 1A9, Canada<\/span><\/div><a href=\"#scroll\" class=\"sc_icons_item_more_link\">\n                <span class=\"link_text\">V\u00e9rifier l&#039;emplacement<\/span><span class=\"link_icon\"><\/span>\n                <\/a><a href=\"#scroll\"\n                class=\"sc_icons_item_link\">\n                <\/a><\/div><\/div><\/div><div class=\"trx_addons_column-1_2\"><div class=\"sc_icons_item sc_icons_item_linked with_more\"><div class=\"sc_icons_icon sc_icon_type_ icon-support-style\" style=\"color: #2CC374\" ><span class=\"sc_icon_type_ icon-support-style\" style=\"color: #2CC374\"><\/span><\/div><div class=\"sc_icons_item_details\"><h4 class=\"sc_icons_item_title\"><a href=\"#scroll\">\n                        Entrer en contact                        <\/a><\/h4><div class=\"sc_icons_item_description\"><span>T\u00e9l\u00e9phone: <a href=\"tel:514-236-1819 \">514-236-1819 <\/a><\/span><span>Courriel: <a href=\"mailto:admin.golf@jsginvitational.ca\">admin.golf@jsginvitational.ca<\/a><\/span><\/div><a href=\"#scroll\" class=\"sc_icons_item_more_link\">\n                <span class=\"link_text\">Formulaire de contact<\/span><span class=\"link_icon\"><\/span>\n                <\/a><a href=\"#scroll\"\n                class=\"sc_icons_item_link\">\n                <\/a><\/div><\/div><\/div><\/div><\/div><!-- \/.sc_icons -->\t\t<\/div>\n\t\t\t\t<\/div>\n\t\t\t\t<div class=\"elementor-element elementor-element-6526ce4 sc_height_large sc_fly_static elementor-widget elementor-widget-spacer\" data-id=\"6526ce4\" data-element_type=\"widget\" data-widget_type=\"spacer.default\">\n\t\t\t\t<div class=\"elementor-widget-container\">\n\t\t\t\t\t<div class=\"elementor-spacer\">\n\t\t\t<div class=\"elementor-spacer-inner\"><\/div>\n\t\t<\/div>\n\t\t\t\t<\/div>\n\t\t\t\t<\/div>\n\t\t\t\t\t\t<\/div>\n\t\t\t\t\t<\/div>\n\t\t<\/div>\n\t\t\t\t\t\t\t\t<\/div>\n\t\t\t\t\t<\/div>\n\t\t<\/section>\n\t\t\t\t<section class=\"elementor-section elementor-top-section elementor-element elementor-element-d2be00f elementor-section-full_width elementor-section-content-middle elementor-section-stretched scheme_light elementor-section-height-default elementor-section-height-default sc_fly_static\" data-id=\"d2be00f\" data-element_type=\"section\" data-settings=\"{&quot;stretch_section&quot;:&quot;section-stretched&quot;}\">\n\t\t\t\t\t\t<div class=\"elementor-container elementor-column-gap-no\">\n\t\t\t\t\t\t\t<div class=\"elementor-row\">\n\t\t\t\t\t<div class=\"elementor-column elementor-col-50 elementor-top-column elementor-element elementor-element-6a843f1 sc_inner_width_none sc_content_align_inherit sc_layouts_column_icons_position_left sc_fly_static\" data-id=\"6a843f1\" data-element_type=\"column\">\n\t\t\t<div class=\"elementor-column-wrap elementor-element-populated\">\n\t\t\t\t\t\t\t<div class=\"elementor-widget-wrap\">\n\t\t\t\t\t\t<div class=\"elementor-element elementor-element-5328bdd sc_fly_static elementor-widget elementor-widget-image\" data-id=\"5328bdd\" data-element_type=\"widget\" data-widget_type=\"image.default\">\n\t\t\t\t<div class=\"elementor-widget-container\">\n\t\t\t\t\t\t\t\t<div class=\"elementor-image\">\n\t\t\t\t\t\t\t\t\t\t\t\t<img decoding=\"async\" width=\"960\" height=\"1041\" data-src=\"https:\/\/jsginvitational.ca\/wp-content\/uploads\/2023\/01\/box-contact.jpg\" class=\"attachment-full size-full wp-image-21480 lazyload\" alt=\"\" data-srcset=\"https:\/\/jsginvitational.ca\/wp-content\/uploads\/2023\/01\/box-contact.jpg 960w, https:\/\/jsginvitational.ca\/wp-content\/uploads\/2023\/01\/box-contact-277x300.jpg 277w, https:\/\/jsginvitational.ca\/wp-content\/uploads\/2023\/01\/box-contact-944x1024.jpg 944w, https:\/\/jsginvitational.ca\/wp-content\/uploads\/2023\/01\/box-contact-768x833.jpg 768w, https:\/\/jsginvitational.ca\/wp-content\/uploads\/2023\/01\/box-contact-370x401.jpg 370w, https:\/\/jsginvitational.ca\/wp-content\/uploads\/2023\/01\/box-contact-840x911.jpg 840w, https:\/\/jsginvitational.ca\/wp-content\/uploads\/2023\/01\/box-contact-410x445.jpg 410w, https:\/\/jsginvitational.ca\/wp-content\/uploads\/2023\/01\/box-contact-600x651.jpg 600w\" data-sizes=\"(max-width: 960px) 100vw, 960px\" src=\"data:image\/gif;base64,R0lGODlhAQABAAAAACH5BAEKAAEALAAAAAABAAEAAAICTAEAOw==\" style=\"--smush-placeholder-width: 960px; --smush-placeholder-aspect-ratio: 960\/1041;\" \/>\t\t\t\t\t\t\t\t\t\t\t\t\t\t<\/div>\n\t\t\t\t\t\t<\/div>\n\t\t\t\t<\/div>\n\t\t\t\t\t\t<\/div>\n\t\t\t\t\t<\/div>\n\t\t<\/div>\n\t\t\t\t<div class=\"elementor-column elementor-col-50 elementor-top-column elementor-element elementor-element-5a3cbec sc_inner_width_none sc_content_align_inherit sc_layouts_column_icons_position_left sc_fly_static\" data-id=\"5a3cbec\" data-element_type=\"column\" data-settings=\"{&quot;background_background&quot;:&quot;classic&quot;}\">\n\t\t\t<div class=\"elementor-column-wrap elementor-element-populated\">\n\t\t\t\t\t\t\t<div class=\"elementor-widget-wrap\">\n\t\t\t\t\t\t<div class=\"elementor-element elementor-element-ea8c0dc sc_height_huge sc_layouts_hide_on_wide sc_layouts_hide_on_desktop sc_fly_static elementor-widget elementor-widget-spacer\" data-id=\"ea8c0dc\" data-element_type=\"widget\" data-widget_type=\"spacer.default\">\n\t\t\t\t<div class=\"elementor-widget-container\">\n\t\t\t\t\t<div class=\"elementor-spacer\">\n\t\t\t<div class=\"elementor-spacer-inner\"><\/div>\n\t\t<\/div>\n\t\t\t\t<\/div>\n\t\t\t\t<\/div>\n\t\t\t\t<div class=\"elementor-element elementor-element-c13ad8e sc_fly_static elementor-widget elementor-widget-trx_sc_title\" data-id=\"c13ad8e\" data-element_type=\"widget\" data-widget_type=\"trx_sc_title.default\">\n\t\t\t\t<div class=\"elementor-widget-container\">\n\t\t\t<div\t\tclass=\"sc_title color_style_link2 sc_title_default\" ><span class=\"sc_item_subtitle sc_title_subtitle sc_item_subtitle_above sc_item_title_style_default\">Contactez-nous<\/span><h1 class=\"sc_item_title sc_title_title sc_item_title_style_default sc_item_title_tag\"\n\t\t\t><span class=\"sc_item_title_text\">Des questions? <br> Entrer en contact!<\/span><\/h1><\/div>\t\t<\/div>\n\t\t\t\t<\/div>\n\t\t\t\t<div class=\"elementor-element elementor-element-c6e351d sc_fly_static elementor-widget elementor-widget-spacer\" data-id=\"c6e351d\" data-element_type=\"widget\" data-widget_type=\"spacer.default\">\n\t\t\t\t<div class=\"elementor-widget-container\">\n\t\t\t\t\t<div class=\"elementor-spacer\">\n\t\t\t<div class=\"elementor-spacer-inner\"><\/div>\n\t\t<\/div>\n\t\t\t\t<\/div>\n\t\t\t\t<\/div>\n\t\t\t\t<div class=\"elementor-element elementor-element-ba77bb7 sc_fly_static elementor-widget elementor-widget-trx_sc_contact_form_7\" data-id=\"ba77bb7\" data-element_type=\"widget\" data-widget_type=\"trx_sc_contact_form_7.default\">\n\t\t\t\t<div class=\"elementor-widget-container\">\n\t\t\t\n<div class=\"wpcf7 no-js\" id=\"wpcf7-f21610-o1\" lang=\"en-US\" dir=\"ltr\">\n<div class=\"screen-reader-response\"><p role=\"status\" aria-live=\"polite\" aria-atomic=\"true\"><\/p> <ul><\/ul><\/div>\n<form action=\"\/fr\/wp-json\/wp\/v2\/pages\/21678#wpcf7-f21610-o1\" method=\"post\" class=\"wpcf7-form init\" aria-label=\"Contact form\" novalidate=\"novalidate\" data-status=\"init\">\n<div style=\"display: none;\">\n<input type=\"hidden\" name=\"_wpcf7\" value=\"21610\" \/>\n<input type=\"hidden\" name=\"_wpcf7_version\" value=\"5.9\" \/>\n<input type=\"hidden\" name=\"_wpcf7_locale\" value=\"en_US\" \/>\n<input type=\"hidden\" name=\"_wpcf7_unit_tag\" value=\"wpcf7-f21610-o1\" \/>\n<input type=\"hidden\" name=\"_wpcf7_container_post\" value=\"0\" \/>\n<input type=\"hidden\" name=\"_wpcf7_posted_data_hash\" value=\"\" \/>\n<\/div>\n<div class=\"form-style-2\">\n\t<div class=\"columns_wrap\">\n\t\t<div class=\"column-1_2\">\n\t\t\t<p><span class=\"style-line\"><span class=\"wpcf7-form-control-wrap\" data-name=\"your-name\"><input size=\"40\" class=\"wpcf7-form-control wpcf7-text wpcf7-validates-as-required\" aria-required=\"true\" aria-invalid=\"false\" placeholder=\"Nom\" value=\"\" type=\"text\" name=\"your-name\" \/><\/span><\/span>\n\t\t\t<\/p>\n\t\t<\/div>\n\t\t<div class=\"column-1_2\">\n\t\t\t<p><span class=\"style-line\"><span class=\"wpcf7-form-control-wrap\" data-name=\"your-last-name\"><input size=\"40\" class=\"wpcf7-form-control wpcf7-text wpcf7-validates-as-required\" aria-required=\"true\" aria-invalid=\"false\" placeholder=\"Nom de famille\" value=\"\" type=\"text\" name=\"your-last-name\" \/><\/span><\/span>\n\t\t\t<\/p>\n\t\t<\/div>\n\t<\/div>\n\t<div class=\"columns_wrap\">\n\t\t<div class=\"column-1_2\">\n\t\t\t<p><span class=\"style-line\"><span class=\"wpcf7-form-control-wrap\" data-name=\"your-email\"><input size=\"40\" class=\"wpcf7-form-control wpcf7-email wpcf7-validates-as-required wpcf7-text wpcf7-validates-as-email\" aria-required=\"true\" aria-invalid=\"false\" placeholder=\"E-mail\" value=\"\" type=\"email\" name=\"your-email\" \/><\/span><\/span>\n\t\t\t<\/p>\n\t\t<\/div>\n\t\t<div class=\"column-1_2\">\n\t\t\t<p><span class=\"style-line\"><span class=\"wpcf7-form-control-wrap\" data-name=\"phone\"><input size=\"40\" class=\"wpcf7-form-control wpcf7-tel wpcf7-validates-as-required wpcf7-text wpcf7-validates-as-tel\" aria-required=\"true\" aria-invalid=\"false\" placeholder=\"T\u00e9l\u00e9phone\" value=\"\" type=\"tel\" name=\"phone\" \/><\/span><\/span>\n\t\t\t<\/p>\n\t\t<\/div>\n\t<\/div>\n\t<div class=\"columns_wrap margin-bottom\">\n\t\t<div class=\"column-1_1\">\n\t\t\t<p><span class=\"style-line\"><span class=\"wpcf7-form-control-wrap\" data-name=\"your-message\"><textarea cols=\"40\" rows=\"10\" class=\"wpcf7-form-control wpcf7-textarea wpcf7-validates-as-required\" aria-required=\"true\" aria-invalid=\"false\" placeholder=\"Message\" name=\"your-message\"><\/textarea><\/span><\/span>\n\t\t\t<\/p>\n\t\t<\/div>\n\t<\/div>\n\t<p><input class=\"wpcf7-form-control wpcf7-submit has-spinner\" type=\"submit\" value=\"Entrer En Contact\" \/>\n\t<\/p>\n<\/div><div class=\"wpcf7-response-output\" aria-hidden=\"true\"><\/div>\n<\/form>\n<\/div>\n\t\t<\/div>\n\t\t\t\t<\/div>\n\t\t\t\t<div class=\"elementor-element elementor-element-4ca7726 sc_height_huge sc_layouts_hide_on_wide sc_layouts_hide_on_desktop sc_fly_static elementor-widget elementor-widget-spacer\" data-id=\"4ca7726\" data-element_type=\"widget\" data-widget_type=\"spacer.default\">\n\t\t\t\t<div class=\"elementor-widget-container\">\n\t\t\t\t\t<div class=\"elementor-spacer\">\n\t\t\t<div class=\"elementor-spacer-inner\"><\/div>\n\t\t<\/div>\n\t\t\t\t<\/div>\n\t\t\t\t<\/div>\n\t\t\t\t\t\t<\/div>\n\t\t\t\t\t<\/div>\n\t\t<\/div>\n\t\t\t\t\t\t\t\t<\/div>\n\t\t\t\t\t<\/div>\n\t\t<\/section>\n\t\t\t\t\t\t\t\t\t<\/div>\n\t\t\t<\/div>\n\t\t\t\t\t<\/div>\n\t\t","protected":false},"excerpt":{"rendered":"<p>Adresse 1199 Chem. du Bord-de-l\u2019Eau, Laval, QC H7Y 1A9, Canada V\u00e9rifier l&#8217;emplacement Entrer en contact T\u00e9l\u00e9phone: 514-236-1819 Courriel: admin.golf@jsginvitational.ca Formulaire de contact Contactez-nous Des questions? Entrer en contact!<\/p>\n","protected":false},"author":1,"featured_media":0,"parent":0,"menu_order":0,"comment_status":"closed","ping_status":"closed","template":"","meta":{"footnotes":""},"class_list":["post-21678","page","type-page","status-publish","hentry"],"yoast_head":"<!-- This site is optimized with the Yoast SEO plugin v22.3 - https:\/\/yoast.com\/wordpress\/plugins\/seo\/ -->\n<title>Contact | JSG Invitational Charity<\/title>\n<meta name=\"robots\" content=\"index, follow, max-snippet:-1, max-image-preview:large, max-video-preview:-1\" \/>\n<link rel=\"canonical\" href=\"https:\/\/jsginvitational.ca\/fr\/contact\/\" \/>\n<meta property=\"og:locale\" content=\"fr_FR\" \/>\n<meta property=\"og:type\" content=\"article\" \/>\n<meta property=\"og:title\" content=\"Contact | JSG Invitational Charity\" \/>\n<meta property=\"og:description\" content=\"Adresse 1199 Chem. du Bord-de-l\u2019Eau, Laval, QC H7Y 1A9, Canada V\u00e9rifier l&#8217;emplacement Entrer en contact T\u00e9l\u00e9phone: 514-236-1819 Courriel: admin.golf@jsginvitational.ca Formulaire de contact Contactez-nous Des questions? Entrer en contact!\" \/>\n<meta property=\"og:url\" content=\"https:\/\/jsginvitational.ca\/fr\/contact\/\" \/>\n<meta property=\"og:site_name\" content=\"JSG Invitational Charity\" \/>\n<meta property=\"article:modified_time\" content=\"2026-01-20T12:26:56+00:00\" \/>\n<meta property=\"og:image\" content=\"https:\/\/jsginvitational.ca\/wp-content\/uploads\/2023\/01\/box-contact.jpg\" \/>\n<meta name=\"twitter:card\" content=\"summary_large_image\" \/>\n<meta name=\"twitter:label1\" content=\"Dur\u00e9e de lecture estim\u00e9e\" \/>\n\t<meta name=\"twitter:data1\" content=\"1 minute\" \/>\n<script type=\"application\/ld+json\" class=\"yoast-schema-graph\">{\"@context\":\"https:\/\/schema.org\",\"@graph\":[{\"@type\":\"WebPage\",\"@id\":\"https:\/\/jsginvitational.ca\/fr\/contact\/\",\"url\":\"https:\/\/jsginvitational.ca\/fr\/contact\/\",\"name\":\"Contact | JSG Invitational Charity\",\"isPartOf\":{\"@id\":\"https:\/\/jsginvitational.ca\/#website\"},\"primaryImageOfPage\":{\"@id\":\"https:\/\/jsginvitational.ca\/fr\/contact\/#primaryimage\"},\"image\":{\"@id\":\"https:\/\/jsginvitational.ca\/fr\/contact\/#primaryimage\"},\"thumbnailUrl\":\"https:\/\/jsginvitational.ca\/wp-content\/uploads\/2023\/01\/box-contact.jpg\",\"datePublished\":\"2021-01-30T16:12:41+00:00\",\"dateModified\":\"2026-01-20T12:26:56+00:00\",\"breadcrumb\":{\"@id\":\"https:\/\/jsginvitational.ca\/fr\/contact\/#breadcrumb\"},\"inLanguage\":\"fr-FR\",\"potentialAction\":[{\"@type\":\"ReadAction\",\"target\":[\"https:\/\/jsginvitational.ca\/fr\/contact\/\"]}]},{\"@type\":\"ImageObject\",\"inLanguage\":\"fr-FR\",\"@id\":\"https:\/\/jsginvitational.ca\/fr\/contact\/#primaryimage\",\"url\":\"https:\/\/jsginvitational.ca\/wp-content\/uploads\/2023\/01\/box-contact.jpg\",\"contentUrl\":\"https:\/\/jsginvitational.ca\/wp-content\/uploads\/2023\/01\/box-contact.jpg\",\"width\":960,\"height\":1041},{\"@type\":\"BreadcrumbList\",\"@id\":\"https:\/\/jsginvitational.ca\/fr\/contact\/#breadcrumb\",\"itemListElement\":[{\"@type\":\"ListItem\",\"position\":1,\"name\":\"Home\",\"item\":\"https:\/\/jsginvitational.ca\/\"},{\"@type\":\"ListItem\",\"position\":2,\"name\":\"Contact\"}]},{\"@type\":\"WebSite\",\"@id\":\"https:\/\/jsginvitational.ca\/#website\",\"url\":\"https:\/\/jsginvitational.ca\/\",\"name\":\"JSG Invitational Charity\",\"description\":\"Golf Tournament\",\"publisher\":{\"@id\":\"https:\/\/jsginvitational.ca\/#organization\"},\"potentialAction\":[{\"@type\":\"SearchAction\",\"target\":{\"@type\":\"EntryPoint\",\"urlTemplate\":\"https:\/\/jsginvitational.ca\/?s={search_term_string}\"},\"query-input\":\"required name=search_term_string\"}],\"inLanguage\":\"fr-FR\"},{\"@type\":\"Organization\",\"@id\":\"https:\/\/jsginvitational.ca\/#organization\",\"name\":\"JSG Invitational Charity\",\"url\":\"https:\/\/jsginvitational.ca\/\",\"logo\":{\"@type\":\"ImageObject\",\"inLanguage\":\"fr-FR\",\"@id\":\"https:\/\/jsginvitational.ca\/#\/schema\/logo\/image\/\",\"url\":\"https:\/\/jsginvitational.ca\/wp-content\/uploads\/2024\/04\/jsg-invitational.jpg\",\"contentUrl\":\"https:\/\/jsginvitational.ca\/wp-content\/uploads\/2024\/04\/jsg-invitational.jpg\",\"width\":400,\"height\":400,\"caption\":\"JSG Invitational Charity\"},\"image\":{\"@id\":\"https:\/\/jsginvitational.ca\/#\/schema\/logo\/image\/\"}}]}<\/script>\n<!-- \/ Yoast SEO plugin. -->","yoast_head_json":{"title":"Contact | JSG Invitational Charity","robots":{"index":"index","follow":"follow","max-snippet":"max-snippet:-1","max-image-preview":"max-image-preview:large","max-video-preview":"max-video-preview:-1"},"canonical":"https:\/\/jsginvitational.ca\/fr\/contact\/","og_locale":"fr_FR","og_type":"article","og_title":"Contact | JSG Invitational Charity","og_description":"Adresse 1199 Chem. du Bord-de-l\u2019Eau, Laval, QC H7Y 1A9, Canada V\u00e9rifier l&#8217;emplacement Entrer en contact T\u00e9l\u00e9phone: 514-236-1819 Courriel: admin.golf@jsginvitational.ca Formulaire de contact Contactez-nous Des questions? Entrer en contact!","og_url":"https:\/\/jsginvitational.ca\/fr\/contact\/","og_site_name":"JSG Invitational Charity","article_modified_time":"2026-01-20T12:26:56+00:00","og_image":[{"url":"https:\/\/jsginvitational.ca\/wp-content\/uploads\/2023\/01\/box-contact.jpg"}],"twitter_card":"summary_large_image","twitter_misc":{"Dur\u00e9e de lecture estim\u00e9e":"1 minute"},"schema":{"@context":"https:\/\/schema.org","@graph":[{"@type":"WebPage","@id":"https:\/\/jsginvitational.ca\/fr\/contact\/","url":"https:\/\/jsginvitational.ca\/fr\/contact\/","name":"Contact | JSG Invitational Charity","isPartOf":{"@id":"https:\/\/jsginvitational.ca\/#website"},"primaryImageOfPage":{"@id":"https:\/\/jsginvitational.ca\/fr\/contact\/#primaryimage"},"image":{"@id":"https:\/\/jsginvitational.ca\/fr\/contact\/#primaryimage"},"thumbnailUrl":"https:\/\/jsginvitational.ca\/wp-content\/uploads\/2023\/01\/box-contact.jpg","datePublished":"2021-01-30T16:12:41+00:00","dateModified":"2026-01-20T12:26:56+00:00","breadcrumb":{"@id":"https:\/\/jsginvitational.ca\/fr\/contact\/#breadcrumb"},"inLanguage":"fr-FR","potentialAction":[{"@type":"ReadAction","target":["https:\/\/jsginvitational.ca\/fr\/contact\/"]}]},{"@type":"ImageObject","inLanguage":"fr-FR","@id":"https:\/\/jsginvitational.ca\/fr\/contact\/#primaryimage","url":"https:\/\/jsginvitational.ca\/wp-content\/uploads\/2023\/01\/box-contact.jpg","contentUrl":"https:\/\/jsginvitational.ca\/wp-content\/uploads\/2023\/01\/box-contact.jpg","width":960,"height":1041},{"@type":"BreadcrumbList","@id":"https:\/\/jsginvitational.ca\/fr\/contact\/#breadcrumb","itemListElement":[{"@type":"ListItem","position":1,"name":"Home","item":"https:\/\/jsginvitational.ca\/"},{"@type":"ListItem","position":2,"name":"Contact"}]},{"@type":"WebSite","@id":"https:\/\/jsginvitational.ca\/#website","url":"https:\/\/jsginvitational.ca\/","name":"JSG Invitational Charity","description":"Golf Tournament","publisher":{"@id":"https:\/\/jsginvitational.ca\/#organization"},"potentialAction":[{"@type":"SearchAction","target":{"@type":"EntryPoint","urlTemplate":"https:\/\/jsginvitational.ca\/?s={search_term_string}"},"query-input":"required name=search_term_string"}],"inLanguage":"fr-FR"},{"@type":"Organization","@id":"https:\/\/jsginvitational.ca\/#organization","name":"JSG Invitational Charity","url":"https:\/\/jsginvitational.ca\/","logo":{"@type":"ImageObject","inLanguage":"fr-FR","@id":"https:\/\/jsginvitational.ca\/#\/schema\/logo\/image\/","url":"https:\/\/jsginvitational.ca\/wp-content\/uploads\/2024\/04\/jsg-invitational.jpg","contentUrl":"https:\/\/jsginvitational.ca\/wp-content\/uploads\/2024\/04\/jsg-invitational.jpg","width":400,"height":400,"caption":"JSG Invitational Charity"},"image":{"@id":"https:\/\/jsginvitational.ca\/#\/schema\/logo\/image\/"}}]}},"_links":{"self":[{"href":"https:\/\/jsginvitational.ca\/fr\/wp-json\/wp\/v2\/pages\/21678","targetHints":{"allow":["GET"]}}],"collection":[{"href":"https:\/\/jsginvitational.ca\/fr\/wp-json\/wp\/v2\/pages"}],"about":[{"href":"https:\/\/jsginvitational.ca\/fr\/wp-json\/wp\/v2\/types\/page"}],"author":[{"embeddable":true,"href":"https:\/\/jsginvitational.ca\/fr\/wp-json\/wp\/v2\/users\/1"}],"replies":[{"embeddable":true,"href":"https:\/\/jsginvitational.ca\/fr\/wp-json\/wp\/v2\/comments?post=21678"}],"version-history":[{"count":2,"href":"https:\/\/jsginvitational.ca\/fr\/wp-json\/wp\/v2\/pages\/21678\/revisions"}],"predecessor-version":[{"id":22914,"href":"https:\/\/jsginvitational.ca\/fr\/wp-json\/wp\/v2\/pages\/21678\/revisions\/22914"}],"wp:attachment":[{"href":"https:\/\/jsginvitational.ca\/fr\/wp-json\/wp\/v2\/media?parent=21678"}],"curies":[{"name":"wp","href":"https:\/\/api.w.org\/{rel}","templated":true}]}}